{"id":295,"date":"2021-04-17T07:20:23","date_gmt":"2021-04-17T07:20:23","guid":{"rendered":"https:\/\/maldo-nollimerg.com\/?page_id=295"},"modified":"2026-03-08T17:25:01","modified_gmt":"2026-03-08T17:25:01","slug":"bio","status":"publish","type":"page","link":"https:\/\/maldo-nollimerg.com\/?page_id=295","title":{"rendered":"Biographie"},"content":{"rendered":"<div class=\"eplus-WanuiN wp-block-columns eplus-wrapper is-layout-flex wp-container-core-columns-is-layout-9d6595d7 wp-block-columns-is-layout-flex eplus-styles-uid-ac5195\"><div class=\"wp-block-column eplus-wrapper is-layout-flow wp-block-column-is-layout-flow eplus-styles-uid-0702e7\"><div class=\"wp-block-image \">\n<figure class=\"alignleft size-full is-resized eplus-wrapper\"><noscript><img loading=\"lazy\" decoding=\"async\" width=\"200\" height=\"200\" data-skip-lazy src=\"https:\/\/maldo-nollimerg.com\/wp-content\/uploads\/2025\/04\/1516809838899-01.jpeg\" alt=\"\" class=\"wp-image-8551\" style=\"width:189px;height:auto\" srcset=\"https:\/\/maldo-nollimerg.com\/wp-content\/uploads\/2025\/04\/1516809838899-01.jpeg 200w, https:\/\/maldo-nollimerg.com\/wp-content\/uploads\/2025\/04\/1516809838899-01-150x150.jpeg 150w\" sizes=\"auto, (max-width: 200px) 100vw, 200px\" \/><\/noscript><img loading=\"eager\" decoding=\"async\" width=\"200\" height=\"200\" src=\"https:\/\/maldo-nollimerg.com\/wp-content\/uploads\/2025\/04\/1516809838899-01.jpeg\" alt class=\"wp-image-8551 vp-lazyload\" style=\"width:189px;height:auto\" srcset=\"data:image\/svg+xml;base64,PHN2ZyB3aWR0aD0iMjAwIiBoZWlnaHQ9IjIwMCIgdmlld0JveD0iMCAwIDIwMCAyMDAiIGZpbGw9Im5vbmUiIHhtbG5zPSJodHRwOi8vd3d3LnczLm9yZy8yMDAwL3N2ZyI+PC9zdmc+\" data-src=\"https:\/\/maldo-nollimerg.com\/wp-content\/uploads\/2025\/04\/1516809838899-01.jpeg\" data-srcset=\"https:\/\/maldo-nollimerg.com\/wp-content\/uploads\/2025\/04\/1516809838899-01.jpeg 200w, https:\/\/maldo-nollimerg.com\/wp-content\/uploads\/2025\/04\/1516809838899-01-150x150.jpeg 150w\" data-sizes=\"auto\"><\/figure>\n<\/div>\n\n\n<p class=\" eplus-wrapper\"><noscript>&amp;amp;amp;amp;lt;img data-skip-lazy src=&#8221;https:\/\/maldo-nollimerg.com\/wp-content\/uploads\/2024\/12\/1516809838899-01.jpeg&#8221; alt=&#8221;&#8221; width=&#8221;200&#8243; height=&#8221;200&#8243; class=&#8221;alignleft size-full wp-image-6759&#8243; \/&amp;amp;amp;amp;gt;<\/noscript><\/p>\n\n\n\n<h2 class=\" wp-block-heading eplus-wrapper\">\u00a0<\/h2>\n<\/div><\/div>\n\n\n<div style=\"height:34px\" aria-hidden=\"true\" class=\" wp-block-spacer eplus-wrapper\"><\/div>\n\n\n<h2>Maldo Nollimerg est n\u00e9 en 1970, il vit et travaille dans les Pyr\u00e9n\u00e9es.<\/h2>\n<h2>&#8220;<em>Et qui, si je criais, m\u2019entendrait donc depuis les ordres<\/em><br \/><em>des anges ? Et quand bien m\u00eame l\u2019un d\u2019entre eux soudain<\/em><br \/><em>me prendrait sur son c\u0153ur : son surcro\u00eet de pr\u00e9sence<\/em><br \/><em>me ferait mourir. Car le Beau n\u2019est rien d\u2019autre que<\/em><br \/><em>ce d\u00e9but de l\u2019horrible qu\u2019\u00e0 peine nous pouvons encore supporter,<\/em><br \/><em>Et nous le trouvons beau parce qu\u2019impassible il se refuse<br \/>\u00e0 nous d\u00e9truire ; tout ange est terrifiant.<\/em>&#8221; R.M.Rilke (1\u00e8re El\u00e9gie de Duino)<\/h2>\n<h2 dir=\"ltr\">Maldo Nollimerg d\u00e9veloppe depuis une dizaine d&#8217;ann\u00e9es une oeuvre graphique puissante, plongeant ses racines dans la nuit. Il y a l&#8217;obscurit\u00e9 astrale au sein de laquelle nous r\u00eavons et il y a la nuit int\u00e9rieure. Au travers ses dessins, empreints de m\u00e9lancolie, de fantastique et d&#8217;\u00e9rotisme, mais aussi de mythologies, personnelles ou plus classiques, s&#8217;appr\u00e9hendent des visions fantasmagoriques de l&#8217;int\u00e9rieur du monde. L&#8217;artiste cherche par l\u00e0 une certaine substance du temps, dessiner c&#8217;est avant tout ouvrir \u00e0 la possibilit\u00e9 d&#8217;une po\u00e9sie. Il y a, \u00e0 chaque commencement d&#8217;un dessin, le signe d&#8217;une promesse.<\/h2>\n<p>&#8211;<\/p>\n<h2>&#8220;S\u2019il est possible de reconna\u00eetre les cr\u00e9ateurs aux univers qu\u2019ils composent et r\u00e9v\u00e8lent, alors Maldo Nollimerg est de ceux-l\u00e0. Et cette fois l\u2019univers est de taille, o\u00f9 les pr\u00e9sences (les animaux, les plantes, les \u00e9l\u00e9ments, les corps \u2013 qu\u2019ils soient c\u00e9lestes ou de chair et de sang) sont \u00e0 se partager l\u2019espace \u00e9nigmatiquement, entre cauchemar et songe, entre r\u00eave et vision, sous les impulsions et les directions de grandes orgues. Comme si pouvait \u00eatre \u00e9tablie par l\u00e0 une sorte d\u2019eurythmie sauvage, au fil de sc\u00e8nes comme autant de r\u00e9cits d\u2019ordre mythique \u00e0 m\u00eame de d\u00e9voiler le contenu secret d\u2019une cosmogonie. Un univers qui pourrait sourdre ainsi d\u2019une nuit fondamentale, de ses t\u00e9n\u00e8bres les plus profondes, comme il surgit aussi du crayon noir de son cr\u00e9ateur, source premi\u00e8re de son irruption, de son \u00e9closion, de son apparition sensible et fascinante.&#8221; Franck Guyon<\/h2>\n<h2 style=\"text-align: left;\">\u00a0<\/h2>\n\n\n<div style=\"height:11px\" aria-hidden=\"true\" class=\" wp-block-spacer eplus-wrapper\"><\/div>\n\n\n\n<p style=\"letter-spacing:0.1px;font-size:16px\" class=\" has-custom-size has-custom-letterspacing eplus-wrapper\"><strong>Expositions<\/strong><\/p>\n\n\n\n<p class=\" eplus-wrapper\"><strong>2026<\/strong> -&#8220;Get your paper here!&#8221;-Group show-Formation gallery-Copenhagen<\/p>\n\n\n\n<p class=\" eplus-wrapper\"><strong>2025<\/strong>&#8211; Outsider Paris 2025- Galerie Dys- Bastille Design Center- Paris<\/p>\n\n\n\n<p class=\" has-arial-font-family has-custom-size has-custom-font eplus-wrapper\" style=\"font-family:Arial;font-size:13px\"><strong>2025<\/strong>&#8211; &#8220;Hypnos, et autres ph\u00e9nom\u00e8nes de l&#8217;int\u00e9rieur du monde&#8221;-Solo show-Galerie Dys-Bruxelles<\/p>\n\n\n\n<p class=\" eplus-wrapper\"><strong>2024<\/strong>&#8211; L&#8217;Antidote &#8211; Galerie Louis- Strenquels<\/p>\n\n\n\n<p class=\" eplus-wrapper\"><strong>2024<\/strong>&#8211; De(s)rives #7- Galerie Aline Vidal- Paris<\/p>\n\n\n\n<p class=\" eplus-wrapper\"><strong>2024<\/strong>&#8211; Drawing Now Paris &#8211; Galerie Dys<\/p>\n\n\n\n<p class=\" eplus-wrapper\"><strong>2024<\/strong> -D\u00e9sordres- Extraits de la collection Antoine de Galbert- MAC Lyon<\/p>\n\n\n\n<p class=\" eplus-wrapper\"><strong>2023<\/strong>&#8211; &#8220;Latitude&#8221;- Galerie Arthur Borgnis et Galerie Dys-Bruxelles<\/p>\n\n\n\n<p class=\" eplus-wrapper\"><strong>2023<\/strong>&#8211; Art On Paper-Galerie Dys-Bruxelles<\/p>\n\n\n\n<p class=\" eplus-wrapper\"><strong>2023<\/strong>&#8211; La Pop Collection, le retour! Pop galerie-S\u00e8te<\/p>\n\n\n\n<p class=\" eplus-wrapper\"><strong>2023<\/strong>&#8211; &#8220;A la source&#8221;- Duo avec Emeli Theander-galerie Dys-Bruxelles<\/p>\n\n\n\n<p class=\" eplus-wrapper\"><strong>2023<\/strong>&#8211; Drawing Now-Galerie Dys-Paris<\/p>\n\n\n\n<p class=\" eplus-wrapper\"><strong>2022<\/strong>&#8211; Art On Paper- Galerie Dys-Bruxelles<\/p>\n\n\n\n<p class=\" eplus-wrapper\"><strong>2022<\/strong>&#8211; Grafia-Biennale du dessin actuel-Saint Affrique-France<\/p>\n\n\n\n<p class=\" eplus-wrapper\"><strong>2022<\/strong>&#8211; &#8220;Salt&#8217;N&#8217;Paper&#8221;-Galerie Dys-Bruxelles-Belgique<\/p>\n\n\n\n<p class=\" eplus-wrapper\"><strong>2016<\/strong>&#8211; &#8220;La Nuit, entre ciel et terre&#8221;-Solo show-commissaire Pierre Chiesa-mus\u00e9e Marius Vazeille-Abbaye St Andr\u00e9-Meymac<\/p>\n\n\n\n<p class=\" eplus-wrapper\"><strong>2016<\/strong>&#8211;<strong> <\/strong>DDessin 16-Galerie PPC-Atelier Richelieu-Paris<\/p>\n\n\n\n<p class=\" eplus-wrapper\"><strong>2016<\/strong>&#8211;&nbsp;&#8220;Wandrous Strange&#8221;-Galerie Phantom Project Contemporary-Troyes<\/p>\n\n\n\n<p class=\" eplus-wrapper\"><strong>2015<\/strong>&#8211;<strong> <\/strong>&#8220;Atomica&#8221;-Galerie Phantom Project Contemporary-Troyes<\/p>\n\n\n\n<p class=\" eplus-wrapper\"><strong>2015<\/strong>&#8211;<strong> <\/strong>DDessin 15-Galerie PPC-Atelier Richelieu-Paris<\/p>\n\n\n\n<p class=\" eplus-wrapper\"><strong>2014<\/strong>&#8211;<strong> <\/strong>&#8220;Orbital Take Off&#8221;-Solo show-Galerie Phantom Project Contemporary-Troyes<\/p>\n\n\n\n<p class=\" eplus-wrapper\"><strong>2014<\/strong>&#8211;&nbsp;&#8220;Extravaganza&#8221;-Galerie Phantom Project Contemporary-Troyes<\/p>\n\n\n\n<p class=\" eplus-wrapper\"><strong>2014<\/strong>&#8211;<strong> <\/strong>&#8220;Furia,untamed orbitals&#8221;&#8211;Atelier Oblik-Galerie PPC-Clichy<\/p>\n\n\n\n<p class=\" eplus-wrapper\"><strong>2013<\/strong>&#8211;&nbsp;&#8220;Wonderful Days&#8221;-Galerie Phantom Prroject Contemporary-Troyes<\/p>\n\n\n\n<p class=\" eplus-wrapper\"><strong>2012<\/strong>&#8211;<strong> <\/strong>&#8220;The Eerie Show!&#8221; -L&#8217;Artpartment-Paris<\/p>\n\n\n\n<p class=\" eplus-wrapper\"><strong>2011<\/strong>&#8211; &#8220;L&#8217;Amplique et le Ciselant\/Landscapes&#8221;-Duo avecThierry Tillier-Centre d&#8217;art contemporain Exitt 11-Grand-Leez-Belgique<\/p>\n\n\n\n<div style=\"height:34px\" aria-hidden=\"true\" class=\" wp-block-spacer eplus-wrapper\"><\/div>\n\n\n\n<p style=\"font-size:16px\" class=\" has-custom-size eplus-wrapper\"><strong>Publications<\/strong><\/p>\n\n\n\n<p style=\"font-weight:100\" class=\" has-custom-weight eplus-wrapper\"><strong>2026<\/strong>&#8211; Musiques des Sph\u00e8res- Edition Marguerite Waknine-Collection Le Cabinet de Dessins<\/p>\n\n\n\n<p class=\" eplus-wrapper\"><strong>2025<\/strong>&#8211; Dessin, Collection Antoine de Galbert, Edition Empire Book<\/p>\n\n\n\n<p class=\" eplus-wrapper\"><strong>2024<\/strong>&#8211; D\u00e9sordres, Collection Antoine de Galbert, Co-\u00e9dition Empire et macLyon<\/p>\n\n\n\n<p class=\" eplus-wrapper\"><strong>2023<\/strong>&#8211; Ma langue sur ton coeur-Joie Panique Editions<\/p>\n\n\n\n<p class=\" eplus-wrapper\"><strong>2022<\/strong>&#8211; The drawing Stall Vol.1-Edited by Casey Jex Smith-USA<\/p>\n\n\n\n<p class=\" eplus-wrapper\"><strong>2013<\/strong>&#8211; Vlack#4-Contemporary Poetics &amp; Arts-Litteraria Pragensia edited by Louis Armand-Prague<\/p>\n\n\n\n<p class=\" eplus-wrapper\"><strong>2012<\/strong>&#8211;<strong> <\/strong>Vlack#3-Contemporary Poetics &amp; Art-Litteraria Pragensia-Edited by Louis Armand-Prague<\/p>\n\n\n\n<p class=\" eplus-wrapper\"><\/p>\n","protected":false},"excerpt":{"rendered":"<p>&amp;amp;amp;amp;lt;img data-skip-lazy src=&#8221;https:\/\/maldo-nollimerg.com\/wp-content\/uploads\/2024\/12\/1516809838899-01.jpeg&#8221; alt=&#8221;&#8221; width=&#8221;200&#8243; height=&#8221;200&#8243; class=&#8221;alignleft size-full wp-image-6759&#8243; \/&amp;amp;amp;amp;gt; &nbsp; Maldo Nollimerg est n\u00e9 en 1970, il vit et travaille dans les Pyr\u00e9n\u00e9es. &#8220;Et qui, si je criais, m\u2019entendrait donc depuis les ordresdes anges ? Et quand bien m\u00eame l\u2019un d\u2019entre eux soudainme prendrait sur son c\u0153ur : son surcro\u00eet de pr\u00e9senceme ferait mourir. [&hellip;]<\/p>\n","protected":false},"author":1,"featured_media":0,"parent":0,"menu_order":0,"comment_status":"closed","ping_status":"closed","template":"","meta":{"editor_plus_copied_stylings":"{}","_monsterinsights_skip_tracking":false,"_monsterinsights_sitenote_active":false,"_monsterinsights_sitenote_note":"","_monsterinsights_sitenote_category":0,"kk_blocks_editor_width":"","_kiokenblocks_attr":"","_kiokenblocks_dimensions":"","ocean_post_layout":"full-width","ocean_both_sidebars_style":"","ocean_both_sidebars_content_width":0,"ocean_both_sidebars_sidebars_width":0,"ocean_sidebar":"0","ocean_second_sidebar":"0","ocean_disable_margins":"enable","ocean_add_body_class":"","ocean_shortcode_before_top_bar":"","ocean_shortcode_after_top_bar":"","ocean_shortcode_before_header":"","ocean_shortcode_after_header":"","ocean_has_shortcode":"","ocean_shortcode_after_title":"","ocean_shortcode_before_footer_widgets":"","ocean_shortcode_after_footer_widgets":"","ocean_shortcode_before_footer_bottom":"","ocean_shortcode_after_footer_bottom":"","ocean_display_top_bar":"default","ocean_display_header":"default","ocean_header_style":"","ocean_center_header_left_menu":"0","ocean_custom_header_template":"0","ocean_custom_logo":0,"ocean_custom_retina_logo":0,"ocean_custom_logo_max_width":0,"ocean_custom_logo_tablet_max_width":0,"ocean_custom_logo_mobile_max_width":0,"ocean_custom_logo_max_height":0,"ocean_custom_logo_tablet_max_height":0,"ocean_custom_logo_mobile_max_height":0,"ocean_header_custom_menu":"0","ocean_menu_typo_font_family":"0","ocean_menu_typo_font_subset":"","ocean_menu_typo_font_size":0,"ocean_menu_typo_font_size_tablet":0,"ocean_menu_typo_font_size_mobile":0,"ocean_menu_typo_font_size_unit":"px","ocean_menu_typo_font_weight":"","ocean_menu_typo_font_weight_tablet":"","ocean_menu_typo_font_weight_mobile":"","ocean_menu_typo_transform":"","ocean_menu_typo_transform_tablet":"","ocean_menu_typo_transform_mobile":"","ocean_menu_typo_line_height":0,"ocean_menu_typo_line_height_tablet":0,"ocean_menu_typo_line_height_mobile":0,"ocean_menu_typo_line_height_unit":"","ocean_menu_typo_spacing":0,"ocean_menu_typo_spacing_tablet":0,"ocean_menu_typo_spacing_mobile":0,"ocean_menu_typo_spacing_unit":"","ocean_menu_link_color":"","ocean_menu_link_color_hover":"","ocean_menu_link_color_active":"","ocean_menu_link_background":"","ocean_menu_link_hover_background":"","ocean_menu_link_active_background":"","ocean_menu_social_links_bg":"","ocean_menu_social_hover_links_bg":"","ocean_menu_social_links_color":"","ocean_menu_social_hover_links_color":"","ocean_disable_title":"enable","ocean_disable_heading":"enable","ocean_post_title":"","ocean_post_subheading":"","ocean_post_title_style":"","ocean_post_title_background_color":"","ocean_post_title_background":0,"ocean_post_title_bg_image_position":"","ocean_post_title_bg_image_attachment":"","ocean_post_title_bg_image_repeat":"","ocean_post_title_bg_image_size":"","ocean_post_title_height":0,"ocean_post_title_bg_overlay":0.5,"ocean_post_title_bg_overlay_color":"","ocean_disable_breadcrumbs":"off","ocean_breadcrumbs_color":"","ocean_breadcrumbs_separator_color":"","ocean_breadcrumbs_links_color":"","ocean_breadcrumbs_links_hover_color":"","ocean_display_footer_widgets":"off","ocean_display_footer_bottom":"on","ocean_custom_footer_template":"0","_vp_format_video_url":"","_vp_image_focal_point":[],"footnotes":""},"class_list":["post-295","page","type-page","status-publish","hentry","entry"],"_links":{"self":[{"href":"https:\/\/maldo-nollimerg.com\/index.php?rest_route=\/wp\/v2\/pages\/295","targetHints":{"allow":["GET"]}}],"collection":[{"href":"https:\/\/maldo-nollimerg.com\/index.php?rest_route=\/wp\/v2\/pages"}],"about":[{"href":"https:\/\/maldo-nollimerg.com\/index.php?rest_route=\/wp\/v2\/types\/page"}],"author":[{"embeddable":true,"href":"https:\/\/maldo-nollimerg.com\/index.php?rest_route=\/wp\/v2\/users\/1"}],"replies":[{"embeddable":true,"href":"https:\/\/maldo-nollimerg.com\/index.php?rest_route=%2Fwp%2Fv2%2Fcomments&post=295"}],"version-history":[{"count":409,"href":"https:\/\/maldo-nollimerg.com\/index.php?rest_route=\/wp\/v2\/pages\/295\/revisions"}],"predecessor-version":[{"id":8918,"href":"https:\/\/maldo-nollimerg.com\/index.php?rest_route=\/wp\/v2\/pages\/295\/revisions\/8918"}],"wp:attachment":[{"href":"https:\/\/maldo-nollimerg.com\/index.php?rest_route=%2Fwp%2Fv2%2Fmedia&parent=295"}],"curies":[{"name":"wp","href":"https:\/\/api.w.org\/{rel}","templated":true}]}}